{"id":16,"date":"2023-10-02T19:53:47","date_gmt":"2023-10-02T19:53:47","guid":{"rendered":"https:\/\/romalivesmatter.org\/?page_id=16"},"modified":"2023-10-04T03:53:32","modified_gmt":"2023-10-04T03:53:32","slug":"ueber-uns","status":"publish","type":"page","link":"https:\/\/romalivesmatter.org\/?page_id=16","title":{"rendered":"\u00dcber uns"},"content":{"rendered":"\n<p><strong>Solidarit\u00e4t f\u00fcr Rechte und Gleichheit<\/strong><\/p>\n\n\n\n<p>Herzlich willkommen bei der &#8222;Roma Lives Matter&#8220; Kampagne. Unser gemeinsames Ziel ist es, eine Welt zu schaffen, in der Roma und Sinti in W\u00fcrde, Freiheit und Gleichheit leben k\u00f6nnen. Diese Kampagne wird von bedeutenden Organisationen getragen, die sich mit Leidenschaft und Engagement f\u00fcr die Rechte und Anerkennung der Roma-Gemeinschaften einsetzen.<\/p>\n\n\n\n<p><strong>1. <a href=\"https:\/\/romaedu.org\" title=\"Bildungsverein der Roma zu Hamburg\">Bildungsverein der Roma zu Hamburg<\/a><\/strong><\/p>\n\n\n\n<p>Der Bildungsverein der Roma zu Hamburg ist eine Organisation, die sich seit Jahren f\u00fcr die F\u00f6rderung von Bildungschancen und die St\u00e4rkung der kulturellen Identit\u00e4t der Roma in Hamburg einsetzt. Uns verbindet die \u00dcberzeugung, dass Bildung der Schl\u00fcssel zur \u00dcberwindung von Vorurteilen und Diskriminierung ist. Durch die Unterst\u00fctzung dieser Kampagne erm\u00f6glichen Sie uns, noch mehr Roma- und Sinti-Jugendlichen Zugang zu Bildungsm\u00f6glichkeiten zu verschaffen.<\/p>\n\n\n\n<p><strong>2. <a href=\"https:\/\/romanation.org\" title=\"RomaNation: Die Virtuelle Online-Demokratie des Volkes\">RomaNation: Die Virtuelle Online-Demokratie des Volkes<\/a><\/strong><\/p>\n\n\n\n<p>RomaNation ist eine innovative Plattform, die Raum f\u00fcr Partizipation und demokratische Entscheidungsfindung f\u00fcr Roma auf der ganzen Welt schafft. Gemeinsam mit uns streben sie danach, die Stimmen der Roma-Gemeinschaft zu st\u00e4rken und ihnen eine Plattform zu bieten, auf der sie ihre Anliegen und Visionen f\u00fcr die Zukunft teilen k\u00f6nnen. Ihre Unterst\u00fctzung dieser Kampagne tr\u00e4gt dazu bei, diese Plattform weiter auszubauen und noch mehr Menschen zu erreichen.<\/p>\n\n\n\n<p><strong>3. <a href=\"https:\/\/ezaf.org\" title=\"Europ\u00e4isches Zentrum zu Antiziganismus\">Europ\u00e4isches Zentrum zu Antiziganismus<\/a><\/strong><\/p>\n\n\n\n<p>Das Europ\u00e4ische Zentrum zu Antiziganismus ist eine treibende Kraft im Kampf gegen Antiziganismus, eine Form des Rassismus, die speziell gegen Roma gerichtet ist. Sie setzen sich f\u00fcr die Bewusstseinsbildung, Forschung und politische Interventionen ein, um den Antiziganismus zu bek\u00e4mpfen und das Bewusstsein f\u00fcr diese tief verwurzelte Form von Vorurteil und Hass zu sch\u00e4rfen. Ihre Unterst\u00fctzung hilft uns, den Kampf gegen Antiziganismus zu verst\u00e4rken und eine inklusivere Gesellschaft zu schaffen.<\/p>\n\n\n\n<p><strong>4. <a href=\"https:\/\/globalromarightsunion.org\" title=\"Globale Roma Rechte Union\">Globale Roma Rechte Union<\/a><\/strong><\/p>\n\n\n\n<p>Die Globale Roma Rechte Union ist eine internationale Organisation, die sich f\u00fcr die F\u00f6rderung der Menschenrechte und die Anerkennung der Roma-Gemeinschaften auf globaler Ebene einsetzt. Gemeinsam arbeiten wir daran, die Stimmen der Roma auf internationaler B\u00fchne zu st\u00e4rken und die Menschenrechtsverletzungen, mit denen sie konfrontiert sind, anzuprangern. Durch Ihre Unterst\u00fctzung tragen Sie dazu bei, die Arbeit der Globalen Roma Rechte Union zu intensivieren und die Rechte von Roma weltweit zu verteidigen.<\/p>\n\n\n\n<p><strong>Unterst\u00fctzen Sie uns durch <a href=\"https:\/\/romalivesmatter.org\/?page_id=51\" title=\"Bestellung\">Bestellung<\/a> und <a href=\"https:\/\/www.paypal.com\/donate\/?hosted_button_id=YB3ELJU3A5NZA\" title=\"Spende\">Spende<\/a><\/strong><\/p>\n\n\n\n<p>Sie k\u00f6nnen die Arbeit dieser Organisationen und ihren Kampf f\u00fcr Rechte und Gleichbehandlung unterst\u00fctzen, indem Sie unsere Kampagne aktiv f\u00f6rdern. Bestellen Sie unsere <a href=\"https:\/\/romalivesmatter.org\/?page_id=51\" title=\"Produkte\">Produkte<\/a> oder leisten Sie eine <a href=\"https:\/\/www.paypal.com\/donate\/?hosted_button_id=YB3ELJU3A5NZA\" title=\"Spende\">Spende<\/a>. Ihre Unterst\u00fctzung erm\u00f6glicht es uns, die Belange der Roma-Gemeinschaften voranzubringen und eine Welt zu schaffen, in der alle Menschen frei von Diskriminierung und Vorurteilen leben k\u00f6nnen.<\/p>\n\n\n\n<figure class=\"wp-block-image size-full\"><img decoding=\"async\" loading=\"lazy\" width=\"96\" height=\"96\" src=\"https:\/\/romalivesmatter.org\/wp-content\/uploads\/2023\/10\/QR-Code-3.png\" alt=\"\" class=\"wp-image-87\"\/><\/figure>\n\n\n\n<div id=\"donate-button-container\">\n<div id=\"donate-button\"><\/div>\n<script src=\"https:\/\/www.paypalobjects.com\/donate\/sdk\/donate-sdk.js\" charset=\"UTF-8\"><\/script>\n<script>\nPayPal.Donation.Button({\nenv:'production',\nhosted_button_id:'YB3ELJU3A5NZA',\nimage: {\nsrc:'https:\/\/www.paypalobjects.com\/de_DE\/DE\/i\/btn\/btn_donateCC_LG.gif',\nalt:'Spenden mit dem PayPal-Button',\ntitle:'PayPal - The safer, easier way to pay online!',\n}\n}).render('#donate-button');\n<\/script>\n<\/div>\n\n\n\n<p>Gemeinsam setzen wir ein starkes Zeichen f\u00fcr Solidarit\u00e4t, Gleichheit und Gerechtigkeit. Vielen Dank f\u00fcr Ihre Unterst\u00fctzung!<\/p>\n","protected":false},"excerpt":{"rendered":"<p>Solidarit\u00e4t f\u00fcr Rechte und Gleichheit Herzlich willkommen bei der &#8222;Roma Lives Matter&#8220; Kampagne. Unser gemeinsames Ziel ist es, eine Welt zu schaffen, in der Roma und Sinti in W\u00fcrde, Freiheit und Gleichheit leben k\u00f6nnen. Diese Kampagne wird von bedeutenden Organisationen getragen, die sich mit Leidenschaft und Engagement f\u00fcr die Rechte und Anerkennung der Roma-Gemeinschaften einsetzen. &hellip; <\/p>\n<p class=\"link-more\"><a href=\"https:\/\/romalivesmatter.org\/?page_id=16\" class=\"more-link\"><span class=\"screen-reader-text\">\u201e\u00dcber uns\u201c<\/span> weiterlesen<\/a><\/p>\n","protected":false},"author":1,"featured_media":0,"parent":0,"menu_order":0,"comment_status":"closed","ping_status":"closed","template":"","meta":{"footnotes":""},"aioseo_notices":[],"_links":{"self":[{"href":"https:\/\/romalivesmatter.org\/index.php?rest_route=\/wp\/v2\/pages\/16"}],"collection":[{"href":"https:\/\/romalivesmatter.org\/index.php?rest_route=\/wp\/v2\/pages"}],"about":[{"href":"https:\/\/romalivesmatter.org\/index.php?rest_route=\/wp\/v2\/types\/page"}],"author":[{"embeddable":true,"href":"https:\/\/romalivesmatter.org\/index.php?rest_route=\/wp\/v2\/users\/1"}],"replies":[{"embeddable":true,"href":"https:\/\/romalivesmatter.org\/index.php?rest_route=%2Fwp%2Fv2%2Fcomments&post=16"}],"version-history":[{"count":4,"href":"https:\/\/romalivesmatter.org\/index.php?rest_route=\/wp\/v2\/pages\/16\/revisions"}],"predecessor-version":[{"id":90,"href":"https:\/\/romalivesmatter.org\/index.php?rest_route=\/wp\/v2\/pages\/16\/revisions\/90"}],"wp:attachment":[{"href":"https:\/\/romalivesmatter.org\/index.php?rest_route=%2Fwp%2Fv2%2Fmedia&parent=16"}],"curies":[{"name":"wp","href":"https:\/\/api.w.org\/{rel}","templated":true}]}}